{"id":988203,"date":"2021-12-09T15:27:33","date_gmt":"2021-12-09T15:27:33","guid":{"rendered":"https:\/\/wuillemin-fleuristes.ch\/my-account\/"},"modified":"2025-03-23T10:56:04","modified_gmt":"2025-03-23T10:56:04","slug":"my-account","status":"publish","type":"page","link":"https:\/\/wuillemin-fleuristes.ch\/en\/my-account\/","title":{"rendered":"My Account"},"content":{"rendered":"\t\t<div data-elementor-type=\"wp-page\" data-elementor-id=\"988203\" class=\"elementor elementor-988203 elementor-9\" data-elementor-post-type=\"page\">\n\t\t\t\t\t\t<section class=\"elementor-section elementor-top-section elementor-element elementor-element-eee372f elementor-section-boxed elementor-section-height-default elementor-section-height-default\" data-id=\"eee372f\" data-element_type=\"section\">\n\t\t\t\t\t\t<div class=\"elementor-container elementor-column-gap-no\">\n\t\t\t\t\t<div class=\"elementor-column elementor-col-100 elementor-top-column elementor-element elementor-element-d1ff021\" data-id=\"d1ff021\" data-element_type=\"column\">\n\t\t\t<div class=\"elementor-widget-wrap elementor-element-populated\">\n\t\t\t\t\t\t<div class=\"elementor-element elementor-element-4d57a57 elementor-widget elementor-widget-heading\" data-id=\"4d57a57\" data-element_type=\"widget\" data-widget_type=\"heading.default\">\n\t\t\t\t<div class=\"elementor-widget-container\">\n\t\t\t<h1 class=\"elementor-heading-title elementor-size-default\">My account<\/h1>\t\t<\/div>\n\t\t\t\t<\/div>\n\t\t\t\t\t<\/div>\n\t\t<\/div>\n\t\t\t\t\t<\/div>\n\t\t<\/section>\n\t\t\t\t<section class=\"elementor-section elementor-top-section elementor-element elementor-element-2e23afbc elementor-section-boxed elementor-section-height-default elementor-section-height-default\" data-id=\"2e23afbc\" data-element_type=\"section\">\n\t\t\t\t\t\t<div class=\"elementor-container elementor-column-gap-no\">\n\t\t\t\t\t<div class=\"elementor-column elementor-col-100 elementor-top-column elementor-element elementor-element-624b946a\" data-id=\"624b946a\" data-element_type=\"column\">\n\t\t\t<div class=\"elementor-widget-wrap elementor-element-populated\">\n\t\t\t\t\t\t<div class=\"vamtam-has-theme-widget-styles elementor-element elementor-element-20e7cb3 e-my-account-tabs-horizontal elementor-widget elementor-widget-woocommerce-my-account\" data-id=\"20e7cb3\" data-element_type=\"widget\" data-widget_type=\"woocommerce-my-account.default\">\n\t\t\t\t<div class=\"elementor-widget-container\">\n\t\t\t<div class=\"e-my-account-tab e-my-account-tab__ \">\t\t\t<div class=\"woocommerce\"><\/div>\t\t<\/div>\n\t\t\t\t<\/div>\n\t\t\t\t<\/div>\n\t\t\t\t\t<\/div>\n\t\t<\/div>\n\t\t\t\t\t<\/div>\n\t\t<\/section>\n\t\t\t\t<\/div>\n\t\t","protected":false},"excerpt":{"rendered":"<p>My account Dashboard Orders Downloads Addresses Account details Logout Dashboard Orders Downloads Addresses Account details Logout Dashboard Orders Downloads Addresses Account details Logout Dashboard Orders Downloads Addresses Account details Logout Bonjour Sylvie_vb (vous n\u2019\u00eates pas Sylvie_vb\u00a0? D\u00e9connexion) \u00c0 partir du tableau de bord de votre compte, vous pouvez visualiser vos commandes r\u00e9centes, g\u00e9rer vos adresses&#8230;<\/p>\n","protected":false},"author":1,"featured_media":0,"parent":0,"menu_order":0,"comment_status":"closed","ping_status":"closed","template":"","meta":{"_joinchat":[],"footnotes":""},"class_list":["post-988203","page","type-page","status-publish","hentry"],"yoast_head":"<!-- This site is optimized with the Yoast SEO plugin v27.2 - https:\/\/yoast.com\/product\/yoast-seo-wordpress\/ -->\n<title>My Account - Wuillemin Fleuristes<\/title>\n<meta name=\"robots\" content=\"index, follow, max-snippet:-1, max-image-preview:large, max-video-preview:-1\" \/>\n<link rel=\"canonical\" href=\"https:\/\/wuillemin-fleuristes.ch\/en\/my-account\/\" \/>\n<meta property=\"og:locale\" content=\"en_US\" \/>\n<meta property=\"og:type\" content=\"article\" \/>\n<meta property=\"og:title\" content=\"My Account - Wuillemin Fleuristes\" \/>\n<meta property=\"og:description\" content=\"My account Dashboard Orders Downloads Addresses Account details Logout Dashboard Orders Downloads Addresses Account details Logout Dashboard Orders Downloads Addresses Account details Logout Dashboard Orders Downloads Addresses Account details Logout Bonjour Sylvie_vb (vous n\u2019\u00eates pas Sylvie_vb\u00a0? D\u00e9connexion) \u00c0 partir du tableau de bord de votre compte, vous pouvez visualiser vos commandes r\u00e9centes, g\u00e9rer vos adresses...\" \/>\n<meta property=\"og:url\" content=\"https:\/\/wuillemin-fleuristes.ch\/en\/my-account\/\" \/>\n<meta property=\"og:site_name\" content=\"Wuillemin Fleuristes\" \/>\n<meta property=\"article:publisher\" content=\"https:\/\/www.facebook.com\/wuilleminfleuristesgeneve\/\" \/>\n<meta property=\"article:modified_time\" content=\"2025-03-23T10:56:04+00:00\" \/>\n<meta name=\"twitter:card\" content=\"summary_large_image\" \/>\n<meta name=\"twitter:label1\" content=\"Est. reading time\" \/>\n\t<meta name=\"twitter:data1\" content=\"1 minute\" \/>\n<script type=\"application\/ld+json\" class=\"yoast-schema-graph\">{\"@context\":\"https:\/\/schema.org\",\"@graph\":[{\"@type\":\"WebPage\",\"@id\":\"https:\/\/wuillemin-fleuristes.ch\/en\/my-account\/\",\"url\":\"https:\/\/wuillemin-fleuristes.ch\/en\/my-account\/\",\"name\":\"My Account - Wuillemin Fleuristes\",\"isPartOf\":{\"@id\":\"https:\/\/wuillemin-fleuristes.ch\/en\/#website\"},\"datePublished\":\"2021-12-09T15:27:33+00:00\",\"dateModified\":\"2025-03-23T10:56:04+00:00\",\"breadcrumb\":{\"@id\":\"https:\/\/wuillemin-fleuristes.ch\/en\/my-account\/#breadcrumb\"},\"inLanguage\":\"en-US\",\"potentialAction\":[{\"@type\":\"ReadAction\",\"target\":[\"https:\/\/wuillemin-fleuristes.ch\/en\/my-account\/\"]}]},{\"@type\":\"BreadcrumbList\",\"@id\":\"https:\/\/wuillemin-fleuristes.ch\/en\/my-account\/#breadcrumb\",\"itemListElement\":[{\"@type\":\"ListItem\",\"position\":1,\"name\":\"Home\",\"item\":\"https:\/\/wuillemin-fleuristes.ch\/en\/\"},{\"@type\":\"ListItem\",\"position\":2,\"name\":\"My Account\"}]},{\"@type\":\"WebSite\",\"@id\":\"https:\/\/wuillemin-fleuristes.ch\/en\/#website\",\"url\":\"https:\/\/wuillemin-fleuristes.ch\/en\/\",\"name\":\"Wuillemin Fleuristes\",\"description\":\"\",\"publisher\":{\"@id\":\"https:\/\/wuillemin-fleuristes.ch\/en\/#organization\"},\"potentialAction\":[{\"@type\":\"SearchAction\",\"target\":{\"@type\":\"EntryPoint\",\"urlTemplate\":\"https:\/\/wuillemin-fleuristes.ch\/en\/?s={search_term_string}\"},\"query-input\":{\"@type\":\"PropertyValueSpecification\",\"valueRequired\":true,\"valueName\":\"search_term_string\"}}],\"inLanguage\":\"en-US\"},{\"@type\":\"Organization\",\"@id\":\"https:\/\/wuillemin-fleuristes.ch\/en\/#organization\",\"name\":\"Wuillemin Fleuristes\",\"url\":\"https:\/\/wuillemin-fleuristes.ch\/en\/\",\"logo\":{\"@type\":\"ImageObject\",\"inLanguage\":\"en-US\",\"@id\":\"https:\/\/wuillemin-fleuristes.ch\/en\/#\/schema\/logo\/image\/\",\"url\":\"https:\/\/wuillemin-fleuristes.ch\/wp-content\/uploads\/2021\/12\/Logo-Wuillemin-Beige-1.png\",\"contentUrl\":\"https:\/\/wuillemin-fleuristes.ch\/wp-content\/uploads\/2021\/12\/Logo-Wuillemin-Beige-1.png\",\"width\":429,\"height\":366,\"caption\":\"Wuillemin Fleuristes\"},\"image\":{\"@id\":\"https:\/\/wuillemin-fleuristes.ch\/en\/#\/schema\/logo\/image\/\"},\"sameAs\":[\"https:\/\/www.facebook.com\/wuilleminfleuristesgeneve\/\",\"https:\/\/www.instagram.com\/wuilleminfleuristes\/\"]}]}<\/script>\n<!-- \/ Yoast SEO plugin. -->","yoast_head_json":{"title":"My Account - Wuillemin Fleuristes","robots":{"index":"index","follow":"follow","max-snippet":"max-snippet:-1","max-image-preview":"max-image-preview:large","max-video-preview":"max-video-preview:-1"},"canonical":"https:\/\/wuillemin-fleuristes.ch\/en\/my-account\/","og_locale":"en_US","og_type":"article","og_title":"My Account - Wuillemin Fleuristes","og_description":"My account Dashboard Orders Downloads Addresses Account details Logout Dashboard Orders Downloads Addresses Account details Logout Dashboard Orders Downloads Addresses Account details Logout Dashboard Orders Downloads Addresses Account details Logout Bonjour Sylvie_vb (vous n\u2019\u00eates pas Sylvie_vb\u00a0? D\u00e9connexion) \u00c0 partir du tableau de bord de votre compte, vous pouvez visualiser vos commandes r\u00e9centes, g\u00e9rer vos adresses...","og_url":"https:\/\/wuillemin-fleuristes.ch\/en\/my-account\/","og_site_name":"Wuillemin Fleuristes","article_publisher":"https:\/\/www.facebook.com\/wuilleminfleuristesgeneve\/","article_modified_time":"2025-03-23T10:56:04+00:00","twitter_card":"summary_large_image","twitter_misc":{"Est. reading time":"1 minute"},"schema":{"@context":"https:\/\/schema.org","@graph":[{"@type":"WebPage","@id":"https:\/\/wuillemin-fleuristes.ch\/en\/my-account\/","url":"https:\/\/wuillemin-fleuristes.ch\/en\/my-account\/","name":"My Account - Wuillemin Fleuristes","isPartOf":{"@id":"https:\/\/wuillemin-fleuristes.ch\/en\/#website"},"datePublished":"2021-12-09T15:27:33+00:00","dateModified":"2025-03-23T10:56:04+00:00","breadcrumb":{"@id":"https:\/\/wuillemin-fleuristes.ch\/en\/my-account\/#breadcrumb"},"inLanguage":"en-US","potentialAction":[{"@type":"ReadAction","target":["https:\/\/wuillemin-fleuristes.ch\/en\/my-account\/"]}]},{"@type":"BreadcrumbList","@id":"https:\/\/wuillemin-fleuristes.ch\/en\/my-account\/#breadcrumb","itemListElement":[{"@type":"ListItem","position":1,"name":"Home","item":"https:\/\/wuillemin-fleuristes.ch\/en\/"},{"@type":"ListItem","position":2,"name":"My Account"}]},{"@type":"WebSite","@id":"https:\/\/wuillemin-fleuristes.ch\/en\/#website","url":"https:\/\/wuillemin-fleuristes.ch\/en\/","name":"Wuillemin Fleuristes","description":"","publisher":{"@id":"https:\/\/wuillemin-fleuristes.ch\/en\/#organization"},"potentialAction":[{"@type":"SearchAction","target":{"@type":"EntryPoint","urlTemplate":"https:\/\/wuillemin-fleuristes.ch\/en\/?s={search_term_string}"},"query-input":{"@type":"PropertyValueSpecification","valueRequired":true,"valueName":"search_term_string"}}],"inLanguage":"en-US"},{"@type":"Organization","@id":"https:\/\/wuillemin-fleuristes.ch\/en\/#organization","name":"Wuillemin Fleuristes","url":"https:\/\/wuillemin-fleuristes.ch\/en\/","logo":{"@type":"ImageObject","inLanguage":"en-US","@id":"https:\/\/wuillemin-fleuristes.ch\/en\/#\/schema\/logo\/image\/","url":"https:\/\/wuillemin-fleuristes.ch\/wp-content\/uploads\/2021\/12\/Logo-Wuillemin-Beige-1.png","contentUrl":"https:\/\/wuillemin-fleuristes.ch\/wp-content\/uploads\/2021\/12\/Logo-Wuillemin-Beige-1.png","width":429,"height":366,"caption":"Wuillemin Fleuristes"},"image":{"@id":"https:\/\/wuillemin-fleuristes.ch\/en\/#\/schema\/logo\/image\/"},"sameAs":["https:\/\/www.facebook.com\/wuilleminfleuristesgeneve\/","https:\/\/www.instagram.com\/wuilleminfleuristes\/"]}]}},"_hostinger_reach_plugin_has_subscription_block":false,"_hostinger_reach_plugin_is_elementor":false,"_links":{"self":[{"href":"https:\/\/wuillemin-fleuristes.ch\/en\/wp-json\/wp\/v2\/pages\/988203","targetHints":{"allow":["GET"]}}],"collection":[{"href":"https:\/\/wuillemin-fleuristes.ch\/en\/wp-json\/wp\/v2\/pages"}],"about":[{"href":"https:\/\/wuillemin-fleuristes.ch\/en\/wp-json\/wp\/v2\/types\/page"}],"author":[{"embeddable":true,"href":"https:\/\/wuillemin-fleuristes.ch\/en\/wp-json\/wp\/v2\/users\/1"}],"replies":[{"embeddable":true,"href":"https:\/\/wuillemin-fleuristes.ch\/en\/wp-json\/wp\/v2\/comments?post=988203"}],"version-history":[{"count":6,"href":"https:\/\/wuillemin-fleuristes.ch\/en\/wp-json\/wp\/v2\/pages\/988203\/revisions"}],"predecessor-version":[{"id":990359,"href":"https:\/\/wuillemin-fleuristes.ch\/en\/wp-json\/wp\/v2\/pages\/988203\/revisions\/990359"}],"wp:attachment":[{"href":"https:\/\/wuillemin-fleuristes.ch\/en\/wp-json\/wp\/v2\/media?parent=988203"}],"curies":[{"name":"wp","href":"https:\/\/api.w.org\/{rel}","templated":true}]}}