{"id":992737,"date":"2025-10-01T09:20:49","date_gmt":"2025-10-01T09:20:49","guid":{"rendered":"https:\/\/wuillemin-fleuristes.ch\/?post_type=product&#038;p=992737"},"modified":"2025-10-02T10:02:37","modified_gmt":"2025-10-02T10:02:37","slug":"candle-n29-ylang-ylang-copie","status":"publish","type":"product","link":"https:\/\/wuillemin-fleuristes.ch\/en\/product\/candle-n29-ylang-ylang-copie\/","title":{"rendered":"Bougie N\u00b034 &#8211; Escapade \u00e0 Tahiti"},"content":{"rendered":"<div class=\"vgblk-rw-wrapper limit-wrapper\">&#8211; Scented candle<br \/>\n&#8211; Fragrance: <b>Mono\u00ef <\/b><br \/>\n&#8211; Notes : Mono\u00ef, Tiar\u00e9, Jasmine<\/p>\n<p><strong>&#8220;Escapade \u00e0 Tahiti&#8221;<\/strong> transports you to the heart of the Polynesian islands, where the tiare flower, an emblematic treasure, is woven into welcome wreaths every morning. Its delicate fragrance, once used to perfume the sacred oils of the Ma&#8217;ohi, is interwoven with solar notes for a spellbinding immersion. <\/div>\n<p><!-- .vgblk-rw-wrapper --><\/p>\n","protected":false},"excerpt":{"rendered":"<p>&#8211; Scented candle &#8211; Fragrance: Mono\u00ef &#8211; Notes : Mono\u00ef, Tiar\u00e9, Jasmine &#8220;Escapade \u00e0 Tahiti&#8221; transports you to the heart of the Polynesian islands, where the tiare flower, an emblematic treasure, is woven into welcome wreaths every morning. Its delicate fragrance, once used to perfume the sacred oils of the Ma&#8217;ohi, is interwoven with solar&#8230;<\/p>\n","protected":false},"featured_media":1005289,"template":"","meta":{"_joinchat":[]},"product_brand":[],"product_cat":[403,404],"product_tag":[],"class_list":{"0":"post-992737","1":"product","2":"type-product","3":"status-publish","4":"has-post-thumbnail","6":"product_cat-candles","7":"product_cat-gifts","9":"first","10":"instock","11":"taxable","12":"shipping-taxable","13":"purchasable","14":"product-type-variable"},"yoast_head":"<!-- This site is optimized with the Yoast SEO plugin v27.2 - https:\/\/yoast.com\/product\/yoast-seo-wordpress\/ -->\n<title>Bougie N\u00b034 - Escapade \u00e0 Tahiti - Wuillemin Fleuristes<\/title>\n<meta name=\"description\" content=\"Floral arrangement, violet ambiance. Lisianthus, clematis, garlic... let yourself be seduced by these bewitching seasonal flowers. Order now.\" \/>\n<meta name=\"robots\" content=\"index, follow, max-snippet:-1, max-image-preview:large, max-video-preview:-1\" \/>\n<link rel=\"canonical\" href=\"https:\/\/wuillemin-fleuristes.ch\/en\/product\/candle-n29-ylang-ylang-copie\/\" \/>\n<meta property=\"og:locale\" content=\"en_US\" \/>\n<meta property=\"og:type\" content=\"article\" \/>\n<meta property=\"og:title\" content=\"Bougie N\u00b034 - Escapade \u00e0 Tahiti - Wuillemin Fleuristes\" \/>\n<meta property=\"og:description\" content=\"Floral arrangement, violet ambiance. Lisianthus, clematis, garlic... let yourself be seduced by these bewitching seasonal flowers. Order now.\" \/>\n<meta property=\"og:url\" content=\"https:\/\/wuillemin-fleuristes.ch\/en\/product\/candle-n29-ylang-ylang-copie\/\" \/>\n<meta property=\"og:site_name\" content=\"Wuillemin Fleuristes\" \/>\n<meta property=\"article:publisher\" content=\"https:\/\/www.facebook.com\/wuilleminfleuristesgeneve\/\" \/>\n<meta property=\"article:modified_time\" content=\"2025-10-02T10:02:37+00:00\" \/>\n<meta property=\"og:image\" content=\"https:\/\/wuillemin-fleuristes.ch\/wp-content\/uploads\/2025\/10\/n34-escapade-a-tahiti.png\" \/>\n\t<meta property=\"og:image:width\" content=\"403\" \/>\n\t<meta property=\"og:image:height\" content=\"387\" \/>\n\t<meta property=\"og:image:type\" content=\"image\/png\" \/>\n<meta name=\"twitter:card\" content=\"summary_large_image\" \/>\n<script type=\"application\/ld+json\" class=\"yoast-schema-graph\">{\"@context\":\"https:\/\/schema.org\",\"@graph\":[{\"@type\":\"WebPage\",\"@id\":\"https:\/\/wuillemin-fleuristes.ch\/en\/product\/candle-n29-ylang-ylang-copie\/\",\"url\":\"https:\/\/wuillemin-fleuristes.ch\/en\/product\/candle-n29-ylang-ylang-copie\/\",\"name\":\"Bougie N\u00b034 - Escapade \u00e0 Tahiti - Wuillemin Fleuristes\",\"isPartOf\":{\"@id\":\"https:\/\/wuillemin-fleuristes.ch\/en\/#website\"},\"primaryImageOfPage\":{\"@id\":\"https:\/\/wuillemin-fleuristes.ch\/en\/product\/candle-n29-ylang-ylang-copie\/#primaryimage\"},\"image\":{\"@id\":\"https:\/\/wuillemin-fleuristes.ch\/en\/product\/candle-n29-ylang-ylang-copie\/#primaryimage\"},\"thumbnailUrl\":\"https:\/\/wuillemin-fleuristes.ch\/wp-content\/uploads\/2025\/10\/n34-escapade-a-tahiti.png\",\"datePublished\":\"2025-10-01T09:20:49+00:00\",\"dateModified\":\"2025-10-02T10:02:37+00:00\",\"description\":\"Floral arrangement, violet ambiance. Lisianthus, clematis, garlic... let yourself be seduced by these bewitching seasonal flowers. Order now.\",\"breadcrumb\":{\"@id\":\"https:\/\/wuillemin-fleuristes.ch\/en\/product\/candle-n29-ylang-ylang-copie\/#breadcrumb\"},\"inLanguage\":\"en-US\",\"potentialAction\":[{\"@type\":\"ReadAction\",\"target\":[\"https:\/\/wuillemin-fleuristes.ch\/en\/product\/candle-n29-ylang-ylang-copie\/\"]}]},{\"@type\":\"ImageObject\",\"inLanguage\":\"en-US\",\"@id\":\"https:\/\/wuillemin-fleuristes.ch\/en\/product\/candle-n29-ylang-ylang-copie\/#primaryimage\",\"url\":\"https:\/\/wuillemin-fleuristes.ch\/wp-content\/uploads\/2025\/10\/n34-escapade-a-tahiti.png\",\"contentUrl\":\"https:\/\/wuillemin-fleuristes.ch\/wp-content\/uploads\/2025\/10\/n34-escapade-a-tahiti.png\",\"width\":403,\"height\":387},{\"@type\":\"BreadcrumbList\",\"@id\":\"https:\/\/wuillemin-fleuristes.ch\/en\/product\/candle-n29-ylang-ylang-copie\/#breadcrumb\",\"itemListElement\":[{\"@type\":\"ListItem\",\"position\":1,\"name\":\"Home\",\"item\":\"https:\/\/wuillemin-fleuristes.ch\/en\/\"},{\"@type\":\"ListItem\",\"position\":2,\"name\":\"Shop\",\"item\":\"https:\/\/wuillemin-fleuristes.ch\/en\/shop\/\"},{\"@type\":\"ListItem\",\"position\":3,\"name\":\"Bougie N\u00b034 - Escapade \u00e0 Tahiti\"}]},{\"@type\":\"WebSite\",\"@id\":\"https:\/\/wuillemin-fleuristes.ch\/en\/#website\",\"url\":\"https:\/\/wuillemin-fleuristes.ch\/en\/\",\"name\":\"Wuillemin Fleuristes\",\"description\":\"\",\"publisher\":{\"@id\":\"https:\/\/wuillemin-fleuristes.ch\/en\/#organization\"},\"potentialAction\":[{\"@type\":\"SearchAction\",\"target\":{\"@type\":\"EntryPoint\",\"urlTemplate\":\"https:\/\/wuillemin-fleuristes.ch\/en\/?s={search_term_string}\"},\"query-input\":{\"@type\":\"PropertyValueSpecification\",\"valueRequired\":true,\"valueName\":\"search_term_string\"}}],\"inLanguage\":\"en-US\"},{\"@type\":\"Organization\",\"@id\":\"https:\/\/wuillemin-fleuristes.ch\/en\/#organization\",\"name\":\"Wuillemin Fleuristes\",\"url\":\"https:\/\/wuillemin-fleuristes.ch\/en\/\",\"logo\":{\"@type\":\"ImageObject\",\"inLanguage\":\"en-US\",\"@id\":\"https:\/\/wuillemin-fleuristes.ch\/en\/#\/schema\/logo\/image\/\",\"url\":\"https:\/\/wuillemin-fleuristes.ch\/wp-content\/uploads\/2021\/12\/Logo-Wuillemin-Beige-1.png\",\"contentUrl\":\"https:\/\/wuillemin-fleuristes.ch\/wp-content\/uploads\/2021\/12\/Logo-Wuillemin-Beige-1.png\",\"width\":429,\"height\":366,\"caption\":\"Wuillemin Fleuristes\"},\"image\":{\"@id\":\"https:\/\/wuillemin-fleuristes.ch\/en\/#\/schema\/logo\/image\/\"},\"sameAs\":[\"https:\/\/www.facebook.com\/wuilleminfleuristesgeneve\/\",\"https:\/\/www.instagram.com\/wuilleminfleuristes\/\"]}]}<\/script>\n<!-- \/ Yoast SEO plugin. -->","yoast_head_json":{"title":"Bougie N\u00b034 - Escapade \u00e0 Tahiti - Wuillemin Fleuristes","description":"Floral arrangement, violet ambiance. Lisianthus, clematis, garlic... let yourself be seduced by these bewitching seasonal flowers. Order now.","robots":{"index":"index","follow":"follow","max-snippet":"max-snippet:-1","max-image-preview":"max-image-preview:large","max-video-preview":"max-video-preview:-1"},"canonical":"https:\/\/wuillemin-fleuristes.ch\/en\/product\/candle-n29-ylang-ylang-copie\/","og_locale":"en_US","og_type":"article","og_title":"Bougie N\u00b034 - Escapade \u00e0 Tahiti - Wuillemin Fleuristes","og_description":"Floral arrangement, violet ambiance. Lisianthus, clematis, garlic... let yourself be seduced by these bewitching seasonal flowers. Order now.","og_url":"https:\/\/wuillemin-fleuristes.ch\/en\/product\/candle-n29-ylang-ylang-copie\/","og_site_name":"Wuillemin Fleuristes","article_publisher":"https:\/\/www.facebook.com\/wuilleminfleuristesgeneve\/","article_modified_time":"2025-10-02T10:02:37+00:00","og_image":[{"width":403,"height":387,"url":"https:\/\/wuillemin-fleuristes.ch\/wp-content\/uploads\/2025\/10\/n34-escapade-a-tahiti.png","type":"image\/png"}],"twitter_card":"summary_large_image","schema":{"@context":"https:\/\/schema.org","@graph":[{"@type":"WebPage","@id":"https:\/\/wuillemin-fleuristes.ch\/en\/product\/candle-n29-ylang-ylang-copie\/","url":"https:\/\/wuillemin-fleuristes.ch\/en\/product\/candle-n29-ylang-ylang-copie\/","name":"Bougie N\u00b034 - Escapade \u00e0 Tahiti - Wuillemin Fleuristes","isPartOf":{"@id":"https:\/\/wuillemin-fleuristes.ch\/en\/#website"},"primaryImageOfPage":{"@id":"https:\/\/wuillemin-fleuristes.ch\/en\/product\/candle-n29-ylang-ylang-copie\/#primaryimage"},"image":{"@id":"https:\/\/wuillemin-fleuristes.ch\/en\/product\/candle-n29-ylang-ylang-copie\/#primaryimage"},"thumbnailUrl":"https:\/\/wuillemin-fleuristes.ch\/wp-content\/uploads\/2025\/10\/n34-escapade-a-tahiti.png","datePublished":"2025-10-01T09:20:49+00:00","dateModified":"2025-10-02T10:02:37+00:00","description":"Floral arrangement, violet ambiance. Lisianthus, clematis, garlic... let yourself be seduced by these bewitching seasonal flowers. Order now.","breadcrumb":{"@id":"https:\/\/wuillemin-fleuristes.ch\/en\/product\/candle-n29-ylang-ylang-copie\/#breadcrumb"},"inLanguage":"en-US","potentialAction":[{"@type":"ReadAction","target":["https:\/\/wuillemin-fleuristes.ch\/en\/product\/candle-n29-ylang-ylang-copie\/"]}]},{"@type":"ImageObject","inLanguage":"en-US","@id":"https:\/\/wuillemin-fleuristes.ch\/en\/product\/candle-n29-ylang-ylang-copie\/#primaryimage","url":"https:\/\/wuillemin-fleuristes.ch\/wp-content\/uploads\/2025\/10\/n34-escapade-a-tahiti.png","contentUrl":"https:\/\/wuillemin-fleuristes.ch\/wp-content\/uploads\/2025\/10\/n34-escapade-a-tahiti.png","width":403,"height":387},{"@type":"BreadcrumbList","@id":"https:\/\/wuillemin-fleuristes.ch\/en\/product\/candle-n29-ylang-ylang-copie\/#breadcrumb","itemListElement":[{"@type":"ListItem","position":1,"name":"Home","item":"https:\/\/wuillemin-fleuristes.ch\/en\/"},{"@type":"ListItem","position":2,"name":"Shop","item":"https:\/\/wuillemin-fleuristes.ch\/en\/shop\/"},{"@type":"ListItem","position":3,"name":"Bougie N\u00b034 - Escapade \u00e0 Tahiti"}]},{"@type":"WebSite","@id":"https:\/\/wuillemin-fleuristes.ch\/en\/#website","url":"https:\/\/wuillemin-fleuristes.ch\/en\/","name":"Wuillemin Fleuristes","description":"","publisher":{"@id":"https:\/\/wuillemin-fleuristes.ch\/en\/#organization"},"potentialAction":[{"@type":"SearchAction","target":{"@type":"EntryPoint","urlTemplate":"https:\/\/wuillemin-fleuristes.ch\/en\/?s={search_term_string}"},"query-input":{"@type":"PropertyValueSpecification","valueRequired":true,"valueName":"search_term_string"}}],"inLanguage":"en-US"},{"@type":"Organization","@id":"https:\/\/wuillemin-fleuristes.ch\/en\/#organization","name":"Wuillemin Fleuristes","url":"https:\/\/wuillemin-fleuristes.ch\/en\/","logo":{"@type":"ImageObject","inLanguage":"en-US","@id":"https:\/\/wuillemin-fleuristes.ch\/en\/#\/schema\/logo\/image\/","url":"https:\/\/wuillemin-fleuristes.ch\/wp-content\/uploads\/2021\/12\/Logo-Wuillemin-Beige-1.png","contentUrl":"https:\/\/wuillemin-fleuristes.ch\/wp-content\/uploads\/2021\/12\/Logo-Wuillemin-Beige-1.png","width":429,"height":366,"caption":"Wuillemin Fleuristes"},"image":{"@id":"https:\/\/wuillemin-fleuristes.ch\/en\/#\/schema\/logo\/image\/"},"sameAs":["https:\/\/www.facebook.com\/wuilleminfleuristesgeneve\/","https:\/\/www.instagram.com\/wuilleminfleuristes\/"]}]}},"_links":{"self":[{"href":"https:\/\/wuillemin-fleuristes.ch\/en\/wp-json\/wp\/v2\/product\/992737","targetHints":{"allow":["GET"]}}],"collection":[{"href":"https:\/\/wuillemin-fleuristes.ch\/en\/wp-json\/wp\/v2\/product"}],"about":[{"href":"https:\/\/wuillemin-fleuristes.ch\/en\/wp-json\/wp\/v2\/types\/product"}],"version-history":[{"count":2,"href":"https:\/\/wuillemin-fleuristes.ch\/en\/wp-json\/wp\/v2\/product\/992737\/revisions"}],"predecessor-version":[{"id":992742,"href":"https:\/\/wuillemin-fleuristes.ch\/en\/wp-json\/wp\/v2\/product\/992737\/revisions\/992742"}],"wp:featuredmedia":[{"embeddable":true,"href":"https:\/\/wuillemin-fleuristes.ch\/en\/wp-json\/wp\/v2\/media\/1005289"}],"wp:attachment":[{"href":"https:\/\/wuillemin-fleuristes.ch\/en\/wp-json\/wp\/v2\/media?parent=992737"}],"wp:term":[{"taxonomy":"product_brand","embeddable":true,"href":"https:\/\/wuillemin-fleuristes.ch\/en\/wp-json\/wp\/v2\/product_brand?post=992737"},{"taxonomy":"product_cat","embeddable":true,"href":"https:\/\/wuillemin-fleuristes.ch\/en\/wp-json\/wp\/v2\/product_cat?post=992737"},{"taxonomy":"product_tag","embeddable":true,"href":"https:\/\/wuillemin-fleuristes.ch\/en\/wp-json\/wp\/v2\/product_tag?post=992737"}],"curies":[{"name":"wp","href":"https:\/\/api.w.org\/{rel}","templated":true}]}}